{"id":1279,"date":"2016-03-29T16:50:28","date_gmt":"2016-03-29T16:50:28","guid":{"rendered":"http:\/\/7oroof.com\/tfdemos\/wp-experts\/?page_id=1279"},"modified":"2026-05-05T12:30:52","modified_gmt":"2026-05-05T12:30:52","slug":"om-oss","status":"publish","type":"page","link":"https:\/\/rk-mgmt.com\/en\/om-oss\/","title":{"rendered":"About Us"},"content":{"rendered":"<div class=\"wpb-content-wrapper\"><div class=\"vc_row wpb_row vc_row-fluid column-default\" data-offset=\"\"><div class=\"vc_column_wrapper clearfix\">\n\t<div class=\"vc_col-sm-12  wpb_column vc_column_container animation-none  list-none    animation-none  text-align-none  text-rp-left\"><div class=\"vc_column-inner \">\n\t\n\t\t<div class=\"wpb_wrapper\">\n\t\t\t\n\t<div  class=\"wpb_single_image wpb_content_element vc_align_center wpb_content_element\">\n\t\t\n\t\t<figure class=\"wpb_wrapper vc_figure\">\n\t\t\t<a class=\"\" data-lightbox=\"lightbox[rel-1279-3014700481]\" href=\"https:\/\/rk-mgmt.com\/wp-content\/uploads\/2025\/12\/robin-bg-pt-contact-1-1024x512.jpg\" target=\"_self\" class=\"vc_single_image-wrapper vc_box_shadow  vc_box_border_grey\"><img loading=\"lazy\" decoding=\"async\" width=\"1920\" height=\"960\" src=\"https:\/\/rk-mgmt.com\/wp-content\/uploads\/2025\/12\/robin-bg-pt-contact-1.jpg\" class=\"vc_single_image-img attachment-full\" alt=\"\" title=\"robin-bg-pt-contact-1\" srcset=\"https:\/\/rk-mgmt.com\/wp-content\/uploads\/2025\/12\/robin-bg-pt-contact-1.jpg 1920w, https:\/\/rk-mgmt.com\/wp-content\/uploads\/2025\/12\/robin-bg-pt-contact-1-300x150.jpg 300w, https:\/\/rk-mgmt.com\/wp-content\/uploads\/2025\/12\/robin-bg-pt-contact-1-1024x512.jpg 1024w, https:\/\/rk-mgmt.com\/wp-content\/uploads\/2025\/12\/robin-bg-pt-contact-1-768x384.jpg 768w, https:\/\/rk-mgmt.com\/wp-content\/uploads\/2025\/12\/robin-bg-pt-contact-1-1536x768.jpg 1536w, https:\/\/rk-mgmt.com\/wp-content\/uploads\/2025\/12\/robin-bg-pt-contact-1-624x312.jpg 624w\" sizes=\"auto, (max-width: 1920px) 100vw, 1920px\" \/><\/a>\n\t\t<\/figure>\n\t<\/div>\n<div class=\"vc_empty_space\"   style=\"height: 50px\"><span class=\"vc_empty_space_inner\"><\/span><\/div>\n\t<div class=\"wpb_text_column wpb_content_element\" >\n\t\t<div class=\"wpb_wrapper\">\n\t\t\t<h3>M\u00f6t grundaren<\/h3>\n<p class=\"p1\">Robin Kal\u00e9n \u00e4r entrepren\u00f6r och aff\u00e4rsbyggare med erfarenhet fr\u00e5n industri, handel, sourcing, logistik och internationella uppl\u00e4gg.<\/p>\n<p class=\"p1\">Han har byggt och drivit bolag i flera l\u00e4nder, arbetat med internationella produktionsflyttar och utvecklat aff\u00e4rer i marknader d\u00e4r struktur, relationer och operativ verklighet \u00e4r avg\u00f6rande.<\/p>\n<p class=\"p2\">RK Trading &amp; Management samlar denna erfarenhet i ett bolag med fokus p\u00e5 att identifiera, strukturera och driva nya B2B-aff\u00e4rer i internationella och operativt komplexa milj\u00f6er.<\/p>\n\n\t\t<\/div>\n\t<\/div>\n<div class=\"vc_empty_space\"   style=\"height: 85px\"><span class=\"vc_empty_space_inner\"><\/span><\/div>\n\t\t<\/div> \n\t<\/div> \n<\/div><\/div><\/div>\n<\/div>","protected":false},"excerpt":{"rendered":"M\u00f6t grundaren Robin Kal\u00e9n \u00e4r entrepren\u00f6r och aff\u00e4rsbyggare med erfarenhet fr\u00e5n industri, handel, sourcing, logistik och internationella uppl\u00e4gg. Han har byggt och drivit bolag i flera l\u00e4nder, arbetat med internationella produktionsflyttar och utvecklat aff\u00e4rer i marknader d\u00e4r struktur, relationer och operativ verklighet \u00e4r avg\u00f6rande. RK Trading &amp; Management samlar denna erfarenhet i ett bolag med [...]","protected":false},"author":1,"featured_media":0,"parent":0,"menu_order":0,"comment_status":"closed","ping_status":"closed","template":"","meta":{"footnotes":""},"class_list":["post-1279","page","type-page","status-publish","hentry"],"_links":{"self":[{"href":"https:\/\/rk-mgmt.com\/en\/wp-json\/wp\/v2\/pages\/1279","targetHints":{"allow":["GET"]}}],"collection":[{"href":"https:\/\/rk-mgmt.com\/en\/wp-json\/wp\/v2\/pages"}],"about":[{"href":"https:\/\/rk-mgmt.com\/en\/wp-json\/wp\/v2\/types\/page"}],"author":[{"embeddable":true,"href":"https:\/\/rk-mgmt.com\/en\/wp-json\/wp\/v2\/users\/1"}],"replies":[{"embeddable":true,"href":"https:\/\/rk-mgmt.com\/en\/wp-json\/wp\/v2\/comments?post=1279"}],"version-history":[{"count":7,"href":"https:\/\/rk-mgmt.com\/en\/wp-json\/wp\/v2\/pages\/1279\/revisions"}],"predecessor-version":[{"id":3307,"href":"https:\/\/rk-mgmt.com\/en\/wp-json\/wp\/v2\/pages\/1279\/revisions\/3307"}],"wp:attachment":[{"href":"https:\/\/rk-mgmt.com\/en\/wp-json\/wp\/v2\/media?parent=1279"}],"curies":[{"name":"wp","href":"https:\/\/api.w.org\/{rel}","templated":true}]}}