{"id":1402,"date":"2016-03-30T07:25:24","date_gmt":"2016-03-30T07:25:24","guid":{"rendered":"http:\/\/7oroof.com\/tfdemos\/wp-experts\/?page_id=1402"},"modified":"2025-10-30T15:40:01","modified_gmt":"2025-10-30T15:40:01","slug":"tjanster","status":"publish","type":"page","link":"https:\/\/rk-mgmt.com\/en\/tjanster\/","title":{"rendered":"Our Services"},"content":{"rendered":"<div class=\"wpb-content-wrapper\"><div class=\"vc_row wpb_row vc_row-fluid column-default\" data-offset=\"\"><div class=\"vc_column_wrapper clearfix\">\n\t<div class=\"vc_col-sm-12  wpb_column vc_column_container animation-none  list-none    animation-none  text-align-none  text-rp-left\"><div class=\"vc_column-inner \">\n\t\n\t\t<div class=\"wpb_wrapper\">\n\t\t\t<div class=\"layout-services services-layout6 filtrer-center cms-grid-wraper template-cms_grid--layout-services6 \" id=\"cms-grid\">\n        <div class=\"clearfix row cms-grid\">\n                    <div class=\"cms-grid-item cms-services-item cms-grid-item col-lg-4 col-md-4 col-sm-6 col-xs-12\" data-groups='[\"all\"]'>\n                <div class=\"cms-services-item-inner\">\n                    <div class=\"cms-services-header style-overlay\">\n                        <div class=\"cms-services-image  has-thumbnail\"><img loading=\"lazy\" decoding=\"async\" width=\"575\" height=\"450\" src=\"https:\/\/rk-mgmt.com\/wp-content\/uploads\/2016\/04\/services5-1-575x450.jpg\" class=\"attachment-wp_experts_575X450 size-wp_experts_575X450 wp-post-image\" alt=\"\" \/><\/div>                        <a class=\"more\" href=\"https:\/\/rk-mgmt.com\/en\/services\/export-import\/\"><span class=\"ion-ios-plus-empty\"><\/span><\/a>\n                    <\/div>\n                    <div class=\"cms-services-body\">\n                        <div class=\"cms-services-meta\">\n                            <h3 class=\"cms-services-title\"><a href=\"https:\/\/rk-mgmt.com\/en\/services\/export-import\/\" >Export &#038; Import<\/a><\/h3>\n                            <div class=\"line-gap\"><\/div>\n                        <\/div>\n                        <div class=\"cms-services-content\">\n                            Vi hj\u00e4lper f\u00f6retag att ta steget ut p\u00e5 nya marknader. Fr\u00e5n sourcing och produktion till logistik och distribution \u2013 vi guidar dig genom hela processen.                        <\/div>\n                        <div class=\"cms-services-readmore style1\">\n                            <a class=\"btn btn-xs\" href=\"https:\/\/rk-mgmt.com\/en\/services\/export-import\/\" ><i class=\"fa fa-long-arrow-right\"><\/i><span>Read More<\/span><\/a>\n                        <\/div>\n                    <\/div>\n                <\/div>\n            <\/div>\n                        <div class=\"cms-grid-item cms-services-item cms-grid-item col-lg-4 col-md-4 col-sm-6 col-xs-12\" data-groups='[\"all\"]'>\n                <div class=\"cms-services-item-inner\">\n                    <div class=\"cms-services-header style-overlay\">\n                        <div class=\"cms-services-image  has-thumbnail\"><img loading=\"lazy\" decoding=\"async\" width=\"575\" height=\"450\" src=\"https:\/\/rk-mgmt.com\/wp-content\/uploads\/2016\/04\/services3-1-575x450.jpg\" class=\"attachment-wp_experts_575X450 size-wp_experts_575X450 wp-post-image\" alt=\"\" \/><\/div>                        <a class=\"more\" href=\"https:\/\/rk-mgmt.com\/en\/services\/konsultnatverk\/\"><span class=\"ion-ios-plus-empty\"><\/span><\/a>\n                    <\/div>\n                    <div class=\"cms-services-body\">\n                        <div class=\"cms-services-meta\">\n                            <h3 class=\"cms-services-title\"><a href=\"https:\/\/rk-mgmt.com\/en\/services\/konsultnatverk\/\" >Konsultn\u00e4tverk<\/a><\/h3>\n                            <div class=\"line-gap\"><\/div>\n                        <\/div>\n                        <div class=\"cms-services-content\">\n                            Vi erbjuder tillg\u00e5ng till ett brett n\u00e4tverk av konsulter inom: - IT, AI och techl\u00f6sningar - Logistik &amp; supply chain - Redovisning &amp; ekonomi - Bygg - Marknadsf\u00f6ring och digital marknadsf\u00f6ring                        <\/div>\n                        <div class=\"cms-services-readmore style1\">\n                            <a class=\"btn btn-xs\" href=\"https:\/\/rk-mgmt.com\/en\/services\/konsultnatverk\/\" ><i class=\"fa fa-long-arrow-right\"><\/i><span>Read More<\/span><\/a>\n                        <\/div>\n                    <\/div>\n                <\/div>\n            <\/div>\n                        <div class=\"cms-grid-item cms-services-item cms-grid-item col-lg-4 col-md-4 col-sm-6 col-xs-12\" data-groups='[\"all\"]'>\n                <div class=\"cms-services-item-inner\">\n                    <div class=\"cms-services-header style-overlay\">\n                        <div class=\"cms-services-image  has-thumbnail\"><img loading=\"lazy\" decoding=\"async\" width=\"575\" height=\"450\" src=\"https:\/\/rk-mgmt.com\/wp-content\/uploads\/2016\/04\/handshake-2998302_1280-2-575x450.jpg\" class=\"attachment-wp_experts_575X450 size-wp_experts_575X450 wp-post-image\" alt=\"\" \/><\/div>                        <a class=\"more\" href=\"https:\/\/rk-mgmt.com\/en\/services\/internationell-handel\/\"><span class=\"ion-ios-plus-empty\"><\/span><\/a>\n                    <\/div>\n                    <div class=\"cms-services-body\">\n                        <div class=\"cms-services-meta\">\n                            <h3 class=\"cms-services-title\"><a href=\"https:\/\/rk-mgmt.com\/en\/services\/internationell-handel\/\" >Internationell handel<\/a><\/h3>\n                            <div class=\"line-gap\"><\/div>\n                        <\/div>\n                        <div class=\"cms-services-content\">\n                            Med partners i Dubai, Europa, Asien och bortom kan vi \u00f6ppna d\u00f6rrar till samarbeten och aff\u00e4rer som annars kan vara sv\u00e5ra att n\u00e5.                        <\/div>\n                        <div class=\"cms-services-readmore style1\">\n                            <a class=\"btn btn-xs\" href=\"https:\/\/rk-mgmt.com\/en\/services\/internationell-handel\/\" ><i class=\"fa fa-long-arrow-right\"><\/i><span>Read More<\/span><\/a>\n                        <\/div>\n                    <\/div>\n                <\/div>\n            <\/div>\n                <\/div>\n<\/div><div class=\"vc_empty_space\"   style=\"height: 50px\"><span class=\"vc_empty_space_inner\"><\/span><\/div>\n\t\t<\/div> \n\t<\/div> \n<\/div><\/div><\/div>\n<\/div>","protected":false},"excerpt":{"rendered":"We help companies enter new markets. From sourcing and production to logistics and distribution \u2013 we guide you through the entire process.","protected":false},"author":1,"featured_media":0,"parent":0,"menu_order":0,"comment_status":"closed","ping_status":"closed","template":"","meta":{"footnotes":""},"class_list":["post-1402","page","type-page","status-publish","hentry"],"_links":{"self":[{"href":"https:\/\/rk-mgmt.com\/en\/wp-json\/wp\/v2\/pages\/1402","targetHints":{"allow":["GET"]}}],"collection":[{"href":"https:\/\/rk-mgmt.com\/en\/wp-json\/wp\/v2\/pages"}],"about":[{"href":"https:\/\/rk-mgmt.com\/en\/wp-json\/wp\/v2\/types\/page"}],"author":[{"embeddable":true,"href":"https:\/\/rk-mgmt.com\/en\/wp-json\/wp\/v2\/users\/1"}],"replies":[{"embeddable":true,"href":"https:\/\/rk-mgmt.com\/en\/wp-json\/wp\/v2\/comments?post=1402"}],"version-history":[{"count":5,"href":"https:\/\/rk-mgmt.com\/en\/wp-json\/wp\/v2\/pages\/1402\/revisions"}],"predecessor-version":[{"id":3117,"href":"https:\/\/rk-mgmt.com\/en\/wp-json\/wp\/v2\/pages\/1402\/revisions\/3117"}],"wp:attachment":[{"href":"https:\/\/rk-mgmt.com\/en\/wp-json\/wp\/v2\/media?parent=1402"}],"curies":[{"name":"wp","href":"https:\/\/api.w.org\/{rel}","templated":true}]}}