{"id":1404,"date":"2016-03-30T07:25:37","date_gmt":"2016-03-30T07:25:37","guid":{"rendered":"http:\/\/7oroof.com\/tfdemos\/wp-experts\/?page_id=1404"},"modified":"2016-03-30T07:25:37","modified_gmt":"2016-03-30T07:25:37","slug":"our-services-2","status":"publish","type":"page","link":"https:\/\/rk-mgmt.com\/en\/our-services-2\/","title":{"rendered":"Our Services 2"},"content":{"rendered":"<div class=\"wpb-content-wrapper\"><div class=\"vc_row wpb_row vc_row-fluid column-default\" data-offset=\"\"><div class=\"vc_column_wrapper clearfix\">\n\t<div class=\"vc_col-sm-3  wpb_column vc_column_container animation-none  list-none    animation-none  text-align-none  text-rp-left\"><div class=\"vc_column-inner \">\n\t\n\t\t<div class=\"wpb_wrapper\">\n\t\t\t<div  class=\"wpb_widgetised_column wpb_content_element\">\n\t\t<div class=\"wpb_wrapper\">\n\t\t\t\n\t\t\t<div id=\"nav_menu-2\" class=\"slidingbar-widget-col widget_nav_menu\"><div class=\"menu-menu-services-container\"><ul id=\"menu-menu-services\" class=\"menu\"><li id=\"menu-item-2897\" class=\"menu-item menu-item-type-post_type menu-item-object-page no_group services-active menu-item-2897\" data-depth=\"0\"><a href=\"https:\/\/rk-mgmt.com\/en\/tjanster\/\" class=\"services-active\"><span class=\"menu-title\">Alla tj\u00e4nster<\/span><\/a><\/li>\n<li id=\"menu-item-2893\" class=\"menu-item menu-item-type-post_type menu-item-object-services no_group menu-item-2893\" data-depth=\"0\"><a href=\"https:\/\/rk-mgmt.com\/en\/services\/export-import\/\" class=\"\"><span class=\"menu-title\">Export &#038; Import<\/span><\/a><\/li>\n<li id=\"menu-item-2892\" class=\"menu-item menu-item-type-post_type menu-item-object-services no_group menu-item-2892\" data-depth=\"0\"><a href=\"https:\/\/rk-mgmt.com\/en\/services\/konsultnatverk\/\" class=\"\"><span class=\"menu-title\">Konsultn\u00e4tverk<\/span><\/a><\/li>\n<li id=\"menu-item-2891\" class=\"menu-item menu-item-type-post_type menu-item-object-services no_group menu-item-2891\" data-depth=\"0\"><a href=\"https:\/\/rk-mgmt.com\/en\/services\/internationell-handel\/\" class=\"\"><span class=\"menu-title\">Internationell handel<\/span><\/a><\/li>\n<\/ul><\/div><div style=\"clear:both;\"><\/div><\/div><div id=\"nav_menu-6\" class=\"slidingbar-widget-col widget_nav_menu\"><div class=\"menu-menu-about-us-container\"><ul id=\"menu-menu-about-us\" class=\"menu\"><li id=\"menu-item-3110\" class=\"menu-item menu-item-type-post_type menu-item-object-page no_group menu-item-3110\" data-depth=\"0\"><a href=\"https:\/\/rk-mgmt.com\/en\/om-oss\/\" class=\"\"><span class=\"menu-title\">Om oss<\/span><\/a><\/li>\n<\/ul><\/div><div style=\"clear:both;\"><\/div><\/div><div id=\"text-14\" class=\"slidingbar-widget-col widget_text\"><h3 class=\"wg-title\"><span>Kontakt<\/span><\/h3>\t\t\t<div class=\"textwidget\"><p><strong><span class=\"TextRun SCXW160046525 BCX0\" lang=\"EN-US\" xml:lang=\"EN-US\" data-contrast=\"auto\"><span class=\"NormalTextRun SpellingErrorV2Themed SCXW160046525 BCX0\">L\u00e5t<\/span> <span class=\"NormalTextRun SpellingErrorV2Themed SCXW160046525 BCX0\">oss<\/span> <span class=\"NormalTextRun SpellingErrorV2Themed SCXW160046525 BCX0\">bygga<\/span> <span class=\"NormalTextRun SpellingErrorV2Themed SCXW160046525 BCX0\">nya<\/span> <span class=\"NormalTextRun SpellingErrorV2Themed SCXW160046525 BCX0\">m\u00f6jligheter<\/span> <span class=\"NormalTextRun SpellingErrorV2Themed SCXW160046525 BCX0\">tillsammans<\/span><span class=\"NormalTextRun SCXW160046525 BCX0\">.<\/span><\/span><\/strong><span class=\"LineBreakBlob BlobObject DragDrop SCXW160046525 BCX0\"><strong><span class=\"SCXW160046525 BCX0\">\u00a0<\/span><\/strong><br class=\"SCXW160046525 BCX0\" \/><\/span><span class=\"LineBreakBlob BlobObject DragDrop SCXW160046525 BCX0\"><span class=\"SCXW160046525 BCX0\">\u00a0<\/span><br class=\"SCXW160046525 BCX0\" \/><\/span><span class=\"TextRun SCXW160046525 BCX0\" lang=\"EN-US\" xml:lang=\"EN-US\" data-contrast=\"auto\"><span class=\"NormalTextRun SCXW160046525 BCX0\">\ud83d\udce9 E-post: <a href=\"mailto:robin@rk-mgmt.com\">robin@rk-mgmt.com<\/a><\/span><\/span><span class=\"LineBreakBlob BlobObject DragDrop SCXW160046525 BCX0\"><span class=\"SCXW160046525 BCX0\">\u00a0<\/span><br class=\"SCXW160046525 BCX0\" \/><\/span><span class=\"TextRun SCXW160046525 BCX0\" lang=\"EN-US\" xml:lang=\"EN-US\" data-contrast=\"auto\"><span class=\"NormalTextRun SCXW160046525 BCX0\">\ud83d\udcde<\/span><span class=\"NormalTextRun SpellingErrorV2Themed SCXW160046525 BCX0\"> Telefo<\/span><span class=\"NormalTextRun SCXW160046525 BCX0\">n: +46 72 993 29 80<\/span><\/span><span class=\"EOP SCXW160046525 BCX0\" data-ccp-props=\"{}\">\u00a0<\/span><\/p>\n<\/div>\n\t\t<div style=\"clear:both;\"><\/div><\/div>\n\t\t<\/div>\n\t<\/div>\n\n\t\t<\/div> \n\t<\/div> \n<\/div>\n\t<div class=\"vc_col-sm-9  wpb_column vc_column_container animation-none  list-none    animation-none  text-align-none  text-rp-left\"><div class=\"vc_column-inner \">\n\t\n\t\t<div class=\"wpb_wrapper\">\n\t\t\t<div class=\"layout-services services-layout6 filtrer-center cms-grid-wraper template-cms_grid--layout-services6 \" id=\"cms-grid\">\n        <div class=\"clearfix row cms-grid\">\n                    <div class=\"cms-grid-item cms-services-item cms-grid-item col-lg-4 col-md-4 col-sm-6 col-xs-12\" data-groups='[\"all\"]'>\n                <div class=\"cms-services-item-inner\">\n                    <div class=\"cms-services-header style-overlay\">\n                        <div class=\"cms-services-image  has-thumbnail\"><img loading=\"lazy\" decoding=\"async\" width=\"575\" height=\"450\" src=\"https:\/\/rk-mgmt.com\/wp-content\/uploads\/2016\/04\/handshake-2998302_1280-2-575x450.jpg\" class=\"attachment-wp_experts_575X450 size-wp_experts_575X450 wp-post-image\" alt=\"\" \/><\/div>                        <a class=\"more\" href=\"https:\/\/rk-mgmt.com\/en\/services\/internationell-handel\/\"><span class=\"ion-ios-plus-empty\"><\/span><\/a>\n                    <\/div>\n                    <div class=\"cms-services-body\">\n                        <div class=\"cms-services-meta\">\n                            <h3 class=\"cms-services-title\"><a href=\"https:\/\/rk-mgmt.com\/en\/services\/internationell-handel\/\" >Internationell handel<\/a><\/h3>\n                            <div class=\"line-gap\"><\/div>\n                        <\/div>\n                        <div class=\"cms-services-content\">\n                            Med partners i Dubai, Europa, Asien och bortom kan vi \u00f6ppna d\u00f6rrar till samarbeten och aff\u00e4rer som annars kan vara sv\u00e5ra att n\u00e5.                        <\/div>\n                        <div class=\"cms-services-readmore style1\">\n                            <a class=\"btn btn-xs\" href=\"https:\/\/rk-mgmt.com\/en\/services\/internationell-handel\/\" ><i class=\"fa fa-long-arrow-right\"><\/i><span>Read More<\/span><\/a>\n                        <\/div>\n                    <\/div>\n                <\/div>\n            <\/div>\n                        <div class=\"cms-grid-item cms-services-item cms-grid-item col-lg-4 col-md-4 col-sm-6 col-xs-12\" data-groups='[\"all\"]'>\n                <div class=\"cms-services-item-inner\">\n                    <div class=\"cms-services-header style-overlay\">\n                        <div class=\"cms-services-image  has-thumbnail\"><img loading=\"lazy\" decoding=\"async\" width=\"575\" height=\"450\" src=\"https:\/\/rk-mgmt.com\/wp-content\/uploads\/2016\/04\/services3-1-575x450.jpg\" class=\"attachment-wp_experts_575X450 size-wp_experts_575X450 wp-post-image\" alt=\"\" \/><\/div>                        <a class=\"more\" href=\"https:\/\/rk-mgmt.com\/en\/services\/konsultnatverk\/\"><span class=\"ion-ios-plus-empty\"><\/span><\/a>\n                    <\/div>\n                    <div class=\"cms-services-body\">\n                        <div class=\"cms-services-meta\">\n                            <h3 class=\"cms-services-title\"><a href=\"https:\/\/rk-mgmt.com\/en\/services\/konsultnatverk\/\" >Konsultn\u00e4tverk<\/a><\/h3>\n                            <div class=\"line-gap\"><\/div>\n                        <\/div>\n                        <div class=\"cms-services-content\">\n                            Vi erbjuder tillg\u00e5ng till ett brett n\u00e4tverk av konsulter inom: - IT, AI och techl\u00f6sningar - Logistik &amp; supply chain - Redovisning &amp; ekonomi - Bygg - Marknadsf\u00f6ring och digital marknadsf\u00f6ring                        <\/div>\n                        <div class=\"cms-services-readmore style1\">\n                            <a class=\"btn btn-xs\" href=\"https:\/\/rk-mgmt.com\/en\/services\/konsultnatverk\/\" ><i class=\"fa fa-long-arrow-right\"><\/i><span>Read More<\/span><\/a>\n                        <\/div>\n                    <\/div>\n                <\/div>\n            <\/div>\n                        <div class=\"cms-grid-item cms-services-item cms-grid-item col-lg-4 col-md-4 col-sm-6 col-xs-12\" data-groups='[\"all\"]'>\n                <div class=\"cms-services-item-inner\">\n                    <div class=\"cms-services-header style-overlay\">\n                        <div class=\"cms-services-image  has-thumbnail\"><img loading=\"lazy\" decoding=\"async\" width=\"575\" height=\"450\" src=\"https:\/\/rk-mgmt.com\/wp-content\/uploads\/2016\/04\/services5-1-575x450.jpg\" class=\"attachment-wp_experts_575X450 size-wp_experts_575X450 wp-post-image\" alt=\"\" \/><\/div>                        <a class=\"more\" href=\"https:\/\/rk-mgmt.com\/en\/services\/export-import\/\"><span class=\"ion-ios-plus-empty\"><\/span><\/a>\n                    <\/div>\n                    <div class=\"cms-services-body\">\n                        <div class=\"cms-services-meta\">\n                            <h3 class=\"cms-services-title\"><a href=\"https:\/\/rk-mgmt.com\/en\/services\/export-import\/\" >Export &#038; Import<\/a><\/h3>\n                            <div class=\"line-gap\"><\/div>\n                        <\/div>\n                        <div class=\"cms-services-content\">\n                            Vi hj\u00e4lper f\u00f6retag att ta steget ut p\u00e5 nya marknader. Fr\u00e5n sourcing och produktion till logistik och distribution \u2013 vi guidar dig genom hela processen.                        <\/div>\n                        <div class=\"cms-services-readmore style1\">\n                            <a class=\"btn btn-xs\" href=\"https:\/\/rk-mgmt.com\/en\/services\/export-import\/\" ><i class=\"fa fa-long-arrow-right\"><\/i><span>Read More<\/span><\/a>\n                        <\/div>\n                    <\/div>\n                <\/div>\n            <\/div>\n                <\/div>\n<\/div><div class=\"vc_empty_space\"   style=\"height: 50px\"><span class=\"vc_empty_space_inner\"><\/span><\/div>\n\t\t<\/div> \n\t<\/div> \n<\/div><\/div><\/div><div data-vc-full-width=\"true\" data-vc-full-width-init=\"false\" data-vc-parallax=\"1.5\" class=\"vc_row wpb_row vc_row-fluid row-bg-overlay column-default vc_general vc_parallax vc_parallax-content-moving\" data-offset=\"\"><div class=\"overlay-color\" style=\"background-color: ;\"><\/div><div class=\"vc_column_wrapper clearfix\">\n\t<div class=\"vc_col-sm-12  wpb_column vc_column_container animation-none  list-none    animation-none  text-align-none  text-rp-left\"><div class=\"vc_column-inner \">\n\t\n\t\t<div class=\"wpb_wrapper\">\n\t\t\t<div id=\"cms-cta\" class=\"cms-cta-wrapper cms-style-default style1 clearfix  cta-right\">\n    <style type=\"text\/css\" scoped>\n        #cms-cta.cms-cta-wrapper .title {\n            border-bottom: 2px solid #ffffff;\n        }\n    <\/style>\n    <div class=\"cms-cta-inner row\">\n        <div class=\"cms-cta-content col-xs-12 col-sm-12 col-md-9 col-lg-9 text-center-md\">\n                            <div class=\"title\" style=\"color: #ffffff;\">\n                    Worried about debt?                <\/div>\n                                        <div class=\"desc\" style=\"color: #ffffff;\">\n                    Find out where to get free help now!                <\/div>\n                    <\/div>\n\n                    <div class=\"cms-cta-button col-xs-12 col-sm-12 col-md-3 col-lg-3 text-right text-center-md\">\n                <a href=\"http:\/\/7oroof.com\/tfdemos\/wp-experts\/?page_id=1151\" class=\"btn btn-default-white-alt size-default\">\n                                                                                    Get Started                                            <\/a>\n            <\/div>\n        <\/div>\n<\/div>\n\t\t<\/div> \n\t<\/div> \n<\/div><\/div><\/div><div class=\"vc_row-full-width\"><\/div>\n<\/div>","protected":false},"excerpt":{"rendered":"With partners across multiple continents, we open doors to collaborations and deals that might otherwise be difficult to reach. Through personal relationships, local presence and a global perspective, we help our partners navigate new markets, build trust and convert opportunities into concrete deals.","protected":false},"author":1,"featured_media":0,"parent":0,"menu_order":0,"comment_status":"closed","ping_status":"closed","template":"","meta":{"footnotes":""},"class_list":["post-1404","page","type-page","status-publish","hentry"],"_links":{"self":[{"href":"https:\/\/rk-mgmt.com\/en\/wp-json\/wp\/v2\/pages\/1404","targetHints":{"allow":["GET"]}}],"collection":[{"href":"https:\/\/rk-mgmt.com\/en\/wp-json\/wp\/v2\/pages"}],"about":[{"href":"https:\/\/rk-mgmt.com\/en\/wp-json\/wp\/v2\/types\/page"}],"author":[{"embeddable":true,"href":"https:\/\/rk-mgmt.com\/en\/wp-json\/wp\/v2\/users\/1"}],"replies":[{"embeddable":true,"href":"https:\/\/rk-mgmt.com\/en\/wp-json\/wp\/v2\/comments?post=1404"}],"version-history":[{"count":0,"href":"https:\/\/rk-mgmt.com\/en\/wp-json\/wp\/v2\/pages\/1404\/revisions"}],"wp:attachment":[{"href":"https:\/\/rk-mgmt.com\/en\/wp-json\/wp\/v2\/media?parent=1404"}],"curies":[{"name":"wp","href":"https:\/\/api.w.org\/{rel}","templated":true}]}}