{"id":6,"date":"2016-03-10T13:38:01","date_gmt":"2016-03-10T13:38:01","guid":{"rendered":"http:\/\/7oroof.com\/tfdemos\/wp-experts\/?page_id=6"},"modified":"2026-05-05T12:38:17","modified_gmt":"2026-05-05T12:38:17","slug":"homepage1","status":"publish","type":"page","link":"https:\/\/rk-mgmt.com\/en\/","title":{"rendered":"Home"},"content":{"rendered":"<div class=\"wpb-content-wrapper\"><div class=\"vc_row wpb_row vc_row-fluid column-default\" data-offset=\"\"><div class=\"vc_column_wrapper clearfix\">\n\t<div class=\"vc_col-sm-12  wpb_column vc_column_container animation-none  list-none    animation-none  text-align-none  text-rp-left\"><div class=\"vc_column-inner \">\n\t\n\t\t<div class=\"wpb_wrapper\">\n\t\t\t<div class=\"wpb_revslider_element wpb_content_element\">\n\t\t\t\t<p class=\"rs-p-wp-fix\"><\/p>\n\t\t\t\t<sr7-module data-alias=\"homepage1\" data-id=\"5\" id=\"SR7_5_1\" class=\"rs-ov-hidden\" data-version=\"6.7.34\">\n\t\t\t\t\t<sr7-adjuster><\/sr7-adjuster>\n\t\t\t\t\t<sr7-content>\n\t\t\t\t\t\t<sr7-slide id=\"SR7_5_1-13\" data-key=\"13\">\n\t\t\t\t\t\t\t<sr7-bg id=\"SR7_5_1-13-4\" class=\"sr7-layer\"><noscript><img decoding=\"async\" src=\"https:\/\/rk-mgmt.com\/wp-content\/uploads\/revslider\/home-boxed\/bg-slider1.jpg\" alt=\"\" title=\"bg-slider1.jpg\"><\/noscript><\/sr7-bg>\n\t\t\t\t\t\t\t<sr7-txt id=\"SR7_5_1-13-0\" class=\"sr7-layer\">Vi bygger broar mellan f\u00f6retag,<br\/>\nmarknader och m\u00e4nniskor.<\/sr7-txt>\n\t\t\t\t\t\t\t<sr7-txt id=\"SR7_5_1-13-3\" class=\"sr7-layer\">RK Trading & Management \u00e4r din partner f\u00f6r internationell handel, export\/import och konsultl\u00f6sningar. Genom v\u00e5rt n\u00e4tverk i Europa, USA, UAE, Centralasien och Asien hj\u00e4lper vi f\u00f6retag att v\u00e4xa globalt. <\/sr7-txt>\n\t\t\t\t\t\t<\/sr7-slide>\n\t\t\t\t\t\t<sr7-slide id=\"SR7_5_1-41\" data-key=\"41\">\n\t\t\t\t\t\t<\/sr7-slide>\n\t\t\t\t\t<\/sr7-content>\n\t\t\t\t\t<image_lists style=\"display:none\">\n\t\t\t\t\t\t<img data-src=\"\/\/rk-mgmt.com\/wp-content\/uploads\/revslider\/home-boxed\/bg-slider1.jpg\" data-libid=\"3062\" title=\"bg-slider1.jpg\" width=\"0\" height=\"0\" data-dbsrc=\"Ly9yay1tZ210LmNvbS93cC1jb250ZW50L3VwbG9hZHMvcmV2c2xpZGVyL2hvbWUtYm94ZWQvYmctc2xpZGVyMS5qcGc=\"\/>\n\t\t\t\t\t<\/image_lists>\n\t\t\t\t<\/sr7-module>\n\t\t\t\t<script>\n\t\t\t\t\tSR7.PMH ??={}; SR7.PMH[\"SR7_5_1\"] = {cn:100,state:false,fn: function() { if (_tpt!==undefined && _tpt.prepareModuleHeight !== undefined) {  _tpt.prepareModuleHeight({id:\"SR7_5_1\",el:[800,800,768,960,720],type:'hero',shdw:'0',gh:[800,800,768,960,720],gw:[1140,1140,1024,778,480],vpt:['-100px&#039;,&#039;-100px&#039;,&#039;-100px&#039;,&#039;-100px&#039;,&#039;-100px'],size:{fullWidth:true, fullHeight:false},mh:'0',onh:0,onw:0,bg:{color:'{\"orig\":\"transparent\",\"type\":\"solid\",\"string\":\"transparent\"}'}});   SR7.PMH[\"SR7_5_1\"].state=true;} else if(SR7.PMH[\"SR7_5_1\"].cn-->0)\tsetTimeout( SR7.PMH[\"SR7_5_1\"].fn,19);}};SR7.PMH[\"SR7_5_1\" ].fn();\n\t\t\t\t<\/script>\n<\/div>\n\t\t<\/div> \n\t<\/div> \n<\/div><\/div><\/div><div class=\"vc_row wpb_row vc_row-fluid column-default\" data-offset=\"\"><div class=\"vc_column_wrapper clearfix\">\n\t<div class=\"vc_col-sm-12  wpb_column vc_column_container animation-none  list-none    animation-none  text-align-none  text-rp-left\"><div class=\"vc_column-inner \">\n\t\n\t\t<div class=\"wpb_wrapper\">\n\t\t\t<div class=\"vc_empty_space\"   style=\"height: 100px\"><span class=\"vc_empty_space_inner\"><\/span><\/div><div class=\"vc_row wpb_row vc_inner vc_row-fluid column-default\"><div class=\"vc_column_wrapper clearfix\">\n\t<div class=\"vc_col-sm-12  wpb_column vc_column_container animation-none  list-none   animation-none  text-align-none  text-rp-left\"><div class=\"vc_column-inner \">\n\t\n\t\t<div class=\"wpb_wrapper\">\n\t\t\t\n\t<div class=\"wpb_text_column wpb_content_element\" >\n\t\t<div class=\"wpb_wrapper\">\n\t\t\t<p class=\"p1\">Vi bygger och strukturerar B2B-aff\u00e4rer i internationella och operativt komplexa milj\u00f6er.<\/p>\n\n\t\t<\/div>\n\t<\/div>\n<div class=\"vc_empty_space\"   style=\"height: 50px\"><span class=\"vc_empty_space_inner\"><\/span><\/div>\n\t\t<\/div> \n\t<\/div> \n<\/div><\/div><\/div><div class=\"vc_row wpb_row vc_inner vc_row-fluid column-default\"><div class=\"vc_column_wrapper clearfix\">\n\t<div class=\"vc_col-sm-6  wpb_column vc_column_container animation-none  list-none   animation-none  text-align-none  text-rp-left\"><div class=\"vc_column-inner \">\n\t\n\t\t<div class=\"wpb_wrapper\">\n\t\t\t\n\t<div class=\"wpb_text_column wpb_content_element\" >\n\t\t<div class=\"wpb_wrapper\">\n\t\t\t<p>RK Trading &amp; Management arbetar med nya aff\u00e4rsm\u00f6jligheter d\u00e4r b\u00e4ttre struktur, starkare kommersiell logik och smartare fl\u00f6den kan skapa verkligt v\u00e4rde. Fokus ligger p\u00e5 att identifiera r\u00e4tt m\u00f6jlighet, bygga r\u00e4tt uppl\u00e4gg och driva den mot genomf\u00f6rbar aff\u00e4r.<\/p>\n\n\t\t<\/div>\n\t<\/div>\n\n\t\t<\/div> \n\t<\/div> \n<\/div>\n\t<div class=\"vc_col-sm-6  wpb_column vc_column_container animation-none  list-none   animation-none  text-align-none  text-rp-left\"><div class=\"vc_column-inner \">\n\t\n\t\t<div class=\"wpb_wrapper\">\n\t\t\t\n\t<div class=\"wpb_text_column wpb_content_element\" >\n\t\t<div class=\"wpb_wrapper\">\n\t\t\t<p style=\"text-align: center;\">Genom ett internationellt n\u00e4tverk av partners driver vi aff\u00e4rer \u00f6ver flera marknader. Vi fokuserar p\u00e5 l\u00e5ngsiktiga samarbeten och l\u00f6sningar som bidrar till tillv\u00e4xt, innovation och v\u00e4rdeskapande.<\/p>\n\n\t\t<\/div>\n\t<\/div>\n\n\t\t<\/div> \n\t<\/div> \n<\/div><\/div><\/div><div class=\"vc_row wpb_row vc_inner vc_row-fluid column-default\"><div class=\"vc_column_wrapper clearfix\">\n\t<div class=\"vc_col-sm-12  wpb_column vc_column_container animation-none  list-none   animation-none  text-align-none  text-rp-left\"><div class=\"vc_column-inner \">\n\t\n\t\t<div class=\"wpb_wrapper\">\n\t\t\t<div class=\"vc_empty_space\"   style=\"height: 50px\"><span class=\"vc_empty_space_inner\"><\/span><\/div><div class=\"vc_separator wpb_content_element vc_separator_align_center vc_sep_width_100 vc_sep_pos_align_center vc_separator_no_text vc_sep_color_grey wpb_content_element  wpb_content_element\" ><span class=\"vc_sep_holder vc_sep_holder_l\"><span class=\"vc_sep_line\"><\/span><\/span><span class=\"vc_sep_holder vc_sep_holder_r\"><span class=\"vc_sep_line\"><\/span><\/span>\n<\/div><div class=\"vc_empty_space\"   style=\"height: 50px\"><span class=\"vc_empty_space_inner\"><\/span><\/div>\n\t\t<\/div> \n\t<\/div> \n<\/div><\/div><\/div><div class=\"vc_row wpb_row vc_inner vc_row-fluid column-default\"><div class=\"vc_column_wrapper clearfix\">\n\t<div class=\"vc_col-sm-4  wpb_column vc_column_container animation-none  list-none   animation-none  text-align-none  text-rp-left\"><div class=\"vc_column-inner \">\n\t\n\t\t<div class=\"wpb_wrapper\">\n\t\t\t<div class=\"cms-fancyboxes-wraper cms-fancyboxes-layout3 template-cms_fancybox_single--layout3 content-align-default \" id=\"cms-fancy-box-single\">\n        <div class=\"cms-fancyboxes-body\">\n        <div class=\"cms-fancybox-item clearfix\">\n                        <div class=\"cms-fancybox-content-left\">\n                <div class=\"cms-fancybox-icon\">\n\n                                            <span class=\"cms-fancybox-number ft-droid-b\">01.<\/span>\n                                    <\/div>\n            <\/div>\n            \n            <div class=\"cms-fancybox-content-right\">\n                <div class=\"cms-fancybox-content\">\n                    \n                                            <h3 class=\"cms-fancybox-title\" style=\"color:\">\n                            Export &amp; Import                        <\/h3>\n                    \n                                            <div class=\"cms-fancybox-content-inner\" style=\"color:\">\n                            <p>Vi hj\u00e4lper f\u00f6retag att ta steget ut p\u00e5 nya marknader. Fr\u00e5n sourcing och produktion till logistik och distribution \u2013 vi guidar dig genom hela processen.<\/p>\n                        <\/div>\n                                    <\/div>\n\n                                    <div class=\"cms-fancyboxes-readmore ft-open-sans\">\n                        <a href=\"https:\/\/rk-mgmt.com\/services\/export-import\/\" target=\"_self\"><i class=\"fa fa-long-arrow-right\"><\/i><span>L\u00e4s mer<\/span><\/a>\n                    <\/div>\n                            <\/div>\n        <\/div>\n    <\/div>\n<\/div><div class=\"vc_empty_space\"   style=\"height: 47px\"><span class=\"vc_empty_space_inner\"><\/span><\/div>\n\t\t<\/div> \n\t<\/div> \n<\/div>\n\t<div class=\"vc_col-sm-4  wpb_column vc_column_container animation-none  list-none   animation-none  text-align-none  text-rp-left\"><div class=\"vc_column-inner \">\n\t\n\t\t<div class=\"wpb_wrapper\">\n\t\t\t<div class=\"cms-fancyboxes-wraper cms-fancyboxes-layout3 template-cms_fancybox_single--layout3 content-align-default \" id=\"cms-fancy-box-single-2\">\n        <div class=\"cms-fancyboxes-body\">\n        <div class=\"cms-fancybox-item clearfix\">\n                        <div class=\"cms-fancybox-content-left\">\n                <div class=\"cms-fancybox-icon\">\n\n                                            <span class=\"cms-fancybox-number ft-droid-b\">02.<\/span>\n                                    <\/div>\n            <\/div>\n            \n            <div class=\"cms-fancybox-content-right\">\n                <div class=\"cms-fancybox-content\">\n                    \n                                            <h3 class=\"cms-fancybox-title\" style=\"color:\">\n                            Internationell handel                        <\/h3>\n                    \n                                            <div class=\"cms-fancybox-content-inner\" style=\"color:\">\n                            <p>Med partners i Dubai, Europa, Asien och bortom kan vi \u00f6ppna d\u00f6rrar till samarbeten och aff\u00e4rer som annars kan vara sv\u00e5ra att n\u00e5.<\/p>\n                        <\/div>\n                                    <\/div>\n\n                                    <div class=\"cms-fancyboxes-readmore ft-open-sans\">\n                        <a href=\"https:\/\/rk-mgmt.com\/services\/internationell-handel\/\" target=\"_self\"><i class=\"fa fa-long-arrow-right\"><\/i><span>L\u00e4s mer<\/span><\/a>\n                    <\/div>\n                            <\/div>\n        <\/div>\n    <\/div>\n<\/div><div class=\"vc_empty_space\"   style=\"height: 47px\"><span class=\"vc_empty_space_inner\"><\/span><\/div>\n\t\t<\/div> \n\t<\/div> \n<\/div>\n\t<div class=\"vc_col-sm-4  wpb_column vc_column_container animation-none  list-none   animation-none  text-align-none  text-rp-left\"><div class=\"vc_column-inner \">\n\t\n\t\t<div class=\"wpb_wrapper\">\n\t\t\t<div class=\"cms-fancyboxes-wraper cms-fancyboxes-layout3 template-cms_fancybox_single--layout3 content-align-default \" id=\"cms-fancy-box-single-3\">\n        <div class=\"cms-fancyboxes-body\">\n        <div class=\"cms-fancybox-item clearfix\">\n                        <div class=\"cms-fancybox-content-left\">\n                <div class=\"cms-fancybox-icon\">\n\n                                            <span class=\"cms-fancybox-number ft-droid-b\">03.<\/span>\n                                    <\/div>\n            <\/div>\n            \n            <div class=\"cms-fancybox-content-right\">\n                <div class=\"cms-fancybox-content\">\n                    \n                                            <h3 class=\"cms-fancybox-title\" style=\"color:\">\n                            Konsultn\u00e4tverk                        <\/h3>\n                    \n                                            <div class=\"cms-fancybox-content-inner\" style=\"color:\">\n                            <p>Vi erbjuder tillg\u00e5ng till ett brett n\u00e4tverk av konsulter inom:<br \/>\n&#8211; IT, AI och techl\u00f6sningar<br \/>\n&#8211; Logistik &amp; supply chain<br \/>\n&#8211; Redovisning &amp; ekonomi<br \/>\n&#8211; Bygg<br \/>\n&#8211; Marknadsf\u00f6ring och digital marknadsf\u00f6ring<\/p>\n                        <\/div>\n                                    <\/div>\n\n                                    <div class=\"cms-fancyboxes-readmore ft-open-sans\">\n                        <a href=\"https:\/\/rk-mgmt.com\/services\/konsultnatverk\/\" target=\"_self\"><i class=\"fa fa-long-arrow-right\"><\/i><span>L\u00e4s mer<\/span><\/a>\n                    <\/div>\n                            <\/div>\n        <\/div>\n    <\/div>\n<\/div><div class=\"vc_empty_space\"   style=\"height: 47px\"><span class=\"vc_empty_space_inner\"><\/span><\/div>\n\t\t<\/div> \n\t<\/div> \n<\/div><\/div><\/div><div class=\"vc_row wpb_row vc_inner vc_row-fluid column-default\"><div class=\"vc_column_wrapper clearfix\">\n\t<div class=\"vc_col-sm-12  wpb_column vc_column_container animation-none  list-none   animation-none  text-align-none  text-rp-left\"><div class=\"vc_column-inner \">\n\t\n\t\t<div class=\"wpb_wrapper\">\n\t\t\t<div class=\"vc_separator wpb_content_element vc_separator_align_center vc_sep_width_100 vc_sep_pos_align_center vc_separator_no_text vc_sep_color_grey wpb_content_element  wpb_content_element\" ><span class=\"vc_sep_holder vc_sep_holder_l\"><span class=\"vc_sep_line\"><\/span><\/span><span class=\"vc_sep_holder vc_sep_holder_r\"><span class=\"vc_sep_line\"><\/span><\/span>\n<\/div><div class=\"vc_empty_space\"   style=\"height: 50px\"><span class=\"vc_empty_space_inner\"><\/span><\/div>\n\t\t<\/div> \n\t<\/div> \n<\/div><\/div><\/div>\n\t\t<\/div> \n\t<\/div> \n<\/div><\/div><\/div><div data-vc-full-width=\"true\" data-vc-full-width-init=\"false\" class=\"vc_row wpb_row vc_row-fluid column-default\" data-offset=\"\"><div class=\"vc_column_wrapper clearfix\">\n\t<div class=\"vc_col-sm-12  wpb_column vc_column_container animation-none  list-none    animation-none  text-align-none  text-rp-left\"><div class=\"vc_column-inner \">\n\t\n\t\t<div class=\"wpb_wrapper\">\n\t\t\t<div class=\"vc_row wpb_row vc_inner vc_row-fluid column-default\"><div class=\"vc_column_wrapper clearfix\">\n\t<div class=\"vc_col-sm-12  wpb_column vc_column_container animation-none  list-none   animation-none  text-align-none  text-rp-left\"><div class=\"vc_column-inner \">\n\t\n\t\t<div class=\"wpb_wrapper\">\n\t\t\t<div class=\"vc_empty_space\"   style=\"height: 50px\"><span class=\"vc_empty_space_inner\"><\/span><\/div>\n\t\t<\/div> \n\t<\/div> \n<\/div><\/div><\/div><div id=\"cms-heading\" class=\"cms-heading-wrapper heading-default text-center \">\n    <style type=\"text\/css\" scoped>\n        #cms-heading.heading-default .line-icon:before, #cms-heading.heading-default .line-icon::after {\n            background-color: ;\n        }\n    <\/style>\n    <div class=\"cms-heading-inner\">\n        <div class=\"cms-heading-content\">\n             \n            <h3 class=\"title\" style=\"color:;\">V\u00e5ra partners<\/h3>\n            <div class=\"line-icon\"><\/div>\n                    <\/div>\n    <\/div>\n    <\/div>\n\t<div class=\"wpb_text_column wpb_content_element\" >\n\t\t<div class=\"wpb_wrapper\">\n\t\t\t<h4 style=\"text-align: center;\">Vi \u00e4r stolta \u00f6ver v\u00e5ra samarbeten och partnerskap<\/h4>\n\n\t\t<\/div>\n\t<\/div>\n<div class=\"vc_empty_space\"   style=\"height: 26px\"><span class=\"vc_empty_space_inner\"><\/span><\/div><div data-padding='0' class=\"cms-carousel cms-carousel-client cms-carousel-client-layout1 nav-default  template-cms_carousel--layout-client1 \" id=\"cms-carousel\">\n    <div class=\"cs-carousel-item-wrap\">        <div class=\"cms-carousel-item\">\n            <a href=\"\" title=\"Airia Ventilation\">\n                <span class=\"cms-carousel-media  has-thumbnail\"><img loading=\"lazy\" decoding=\"async\" width=\"160\" height=\"130\" src=\"https:\/\/rk-mgmt.com\/wp-content\/uploads\/2016\/03\/airia.png\" class=\"attachment-medium size-medium wp-post-image\" alt=\"\" \/><\/span>            <\/a>\n        <\/div>\n                    <div class=\"cms-carousel-item\">\n            <a href=\"\" title=\"Felda Logistics\">\n                <span class=\"cms-carousel-media  has-thumbnail\"><img loading=\"lazy\" decoding=\"async\" width=\"160\" height=\"130\" src=\"https:\/\/rk-mgmt.com\/wp-content\/uploads\/2016\/03\/felda.png\" class=\"attachment-medium size-medium wp-post-image\" alt=\"\" \/><\/span>            <\/a>\n        <\/div>\n        <\/div>    <div class=\"cs-carousel-item-wrap\">        <div class=\"cms-carousel-item\">\n            <a href=\"\" title=\"Neural Oasis\">\n                <span class=\"cms-carousel-media  has-thumbnail\"><img loading=\"lazy\" decoding=\"async\" width=\"160\" height=\"130\" src=\"https:\/\/rk-mgmt.com\/wp-content\/uploads\/2015\/10\/neural-oasis-1.png\" class=\"attachment-medium size-medium wp-post-image\" alt=\"\" \/><\/span>            <\/a>\n        <\/div>\n                    <div class=\"cms-carousel-item\">\n            <a href=\"\" title=\"Deneil AB\">\n                <span class=\"cms-carousel-media  has-thumbnail\"><img loading=\"lazy\" decoding=\"async\" width=\"160\" height=\"130\" src=\"https:\/\/rk-mgmt.com\/wp-content\/uploads\/2015\/10\/deneil.png\" class=\"attachment-medium size-medium wp-post-image\" alt=\"\" \/><\/span>            <\/a>\n        <\/div>\n        <\/div>    <div class=\"cs-carousel-item-wrap\">        <div class=\"cms-carousel-item\">\n            <a href=\"\" title=\"Bin Dhaen\">\n                <span class=\"cms-carousel-media  has-thumbnail\"><img loading=\"lazy\" decoding=\"async\" width=\"160\" height=\"130\" src=\"https:\/\/rk-mgmt.com\/wp-content\/uploads\/2015\/10\/bin-dhaen.png\" class=\"attachment-medium size-medium wp-post-image\" alt=\"\" \/><\/span>            <\/a>\n        <\/div>\n                    <div class=\"cms-carousel-item\">\n            <a href=\"\" title=\"VISUALid Design Studio\">\n                <span class=\"cms-carousel-media  has-thumbnail\"><img loading=\"lazy\" decoding=\"async\" width=\"160\" height=\"130\" src=\"https:\/\/rk-mgmt.com\/wp-content\/uploads\/2015\/10\/visual-id.png\" class=\"attachment-medium size-medium wp-post-image\" alt=\"\" \/><\/span>            <\/a>\n        <\/div>\n        <\/div>    <div class=\"cs-carousel-item-wrap\">        <div class=\"cms-carousel-item\">\n            <a href=\"\" title=\"Triple Down\">\n                <span class=\"cms-carousel-media  has-thumbnail\"><img loading=\"lazy\" decoding=\"async\" width=\"160\" height=\"130\" src=\"https:\/\/rk-mgmt.com\/wp-content\/uploads\/2015\/10\/triple-down-1.png\" class=\"attachment-medium size-medium wp-post-image\" alt=\"\" \/><\/span>            <\/a>\n        <\/div>\n                    <div class=\"cms-carousel-item\">\n            <a href=\"\" title=\"Placeholder\">\n                <span class=\"cms-carousel-media  has-thumbnail\"><img loading=\"lazy\" decoding=\"async\" width=\"160\" height=\"130\" src=\"https:\/\/rk-mgmt.com\/wp-content\/uploads\/2015\/10\/blank.png\" class=\"attachment-medium size-medium wp-post-image\" alt=\"\" \/><\/span>            <\/a>\n        <\/div>\n        <\/div>    <\/div><div class=\"vc_empty_space\"   style=\"height: 100px\"><span class=\"vc_empty_space_inner\"><\/span><\/div>\n\t\t<\/div> \n\t<\/div> \n<\/div><\/div><\/div><div class=\"vc_row-full-width\"><\/div>\n<\/div>","protected":false},"excerpt":{"rendered":"","protected":false},"author":1,"featured_media":0,"parent":0,"menu_order":0,"comment_status":"closed","ping_status":"closed","template":"","meta":{"footnotes":""},"class_list":["post-6","page","type-page","status-publish","hentry"],"_links":{"self":[{"href":"https:\/\/rk-mgmt.com\/en\/wp-json\/wp\/v2\/pages\/6","targetHints":{"allow":["GET"]}}],"collection":[{"href":"https:\/\/rk-mgmt.com\/en\/wp-json\/wp\/v2\/pages"}],"about":[{"href":"https:\/\/rk-mgmt.com\/en\/wp-json\/wp\/v2\/types\/page"}],"author":[{"embeddable":true,"href":"https:\/\/rk-mgmt.com\/en\/wp-json\/wp\/v2\/users\/1"}],"replies":[{"embeddable":true,"href":"https:\/\/rk-mgmt.com\/en\/wp-json\/wp\/v2\/comments?post=6"}],"version-history":[{"count":21,"href":"https:\/\/rk-mgmt.com\/en\/wp-json\/wp\/v2\/pages\/6\/revisions"}],"predecessor-version":[{"id":3306,"href":"https:\/\/rk-mgmt.com\/en\/wp-json\/wp\/v2\/pages\/6\/revisions\/3306"}],"wp:attachment":[{"href":"https:\/\/rk-mgmt.com\/en\/wp-json\/wp\/v2\/media?parent=6"}],"curies":[{"name":"wp","href":"https:\/\/api.w.org\/{rel}","templated":true}]}}